{"id":635,"date":"2025-04-11T15:03:37","date_gmt":"2025-04-11T18:03:37","guid":{"rendered":"https:\/\/lambertuccits.com\/?page_id=635"},"modified":"2025-04-11T15:09:18","modified_gmt":"2025-04-11T18:09:18","slug":"artigos","status":"publish","type":"page","link":"https:\/\/lambertuccits.com\/en\/artigos\/","title":{"rendered":"Articles"},"content":{"rendered":"<div class=\"brz-root__container brz-reset-all brz brz-root__container-page\">\n<section id=\"home\" class=\"brz-section brz-css-1cbqint\">\n<div class=\"brz-section__content brz-section--boxed brz-css-gmg8z brz-css-b49eq\" data-brz-custom-id=\"uZdVrTOIV6S0\">\n<div class=\"brz-bg\">\n<div class=\"brz-bg-image brz-bg-image-parallax\"><\/div>\n<div class=\"brz-bg-color\"><\/div>\n<\/div>\n<div class=\"brz-container brz-css-1i3vrk7\">\n<div class=\"brz-row__container brz-css-btwigk\" data-brz-custom-id=\"bTJq_ALVJhS_\">\n<div class=\"brz-bg\"><\/div>\n<div class=\"brz-row brz-css-q4xzbg brz-css-10xqpfb\">\n<div class=\"brz-columns brz-css-ptt08i brz-css-v7z60i\" data-brz-custom-id=\"ekeXfJwD88e8\">\n<div class=\"brz-bg\"><\/div>\n<div class=\"brz-column__items brz-css-11at8p3 brz-css-w7jpgc\">\n<div id=\"\" class=\"brz-css-pgezbe brz-wrapper\">\n<div class=\"brz-rich-text brz-rich-text__custom brz-css-tyqkhq\" data-brz-custom-id=\"ifEYrLsFA1_M\">\n<div data-brz-translate-text=\"1\">\n<p class=\"brz-lh-xs-1 brz-ls-xs-m_1_5 brz-fw-xs-400 brz-fss-xs-px brz-fs-xs-46 brz-tp-xs-empty brz-text-xs-center brz-lh-lg-1_3 brz-ls-lg-m_1_5 brz-fw-lg-400 brz-fss-lg-px brz-fs-lg-60 brz-ft-google brz-ff-kaushan_script brz-tp-lg-empty brz-text-lg-left brz-css-gkTMC\" data-uniq-id=\"v1vEr\" data-generated-css=\"brz-css-jGGxP\"><span style=\"opacity: 1; color: rgb(239, 192, 142);\">Articles<\/span><\/p>\n<\/div>\n<\/div>\n<\/div>\n<\/div>\n<\/div>\n<div class=\"brz-columns brz-css-ptt08i brz-css-1c14tmq\" data-brz-custom-id=\"hnEf9FpxmMWY\">\n<div class=\"brz-bg\"><\/div>\n<div class=\"brz-column__items brz-css-11at8p3\"><\/div>\n<\/div>\n<\/div>\n<\/div>\n<div id=\"\" class=\"brz-css-pgezbe brz-css-caxtxl brz-css-1cg6939 brz-wrapper\">\n<div class=\"brz-spacer brz-css-yq78w3 brz-css-68vwhe\"><\/div>\n<\/div>\n<\/div>\n<\/div>\n<\/section>\n<section id=\"610a3fd522444ec3a7f5_pRMS311Xk5Ie\" class=\"brz-section brz-css-1cbqint\">\n<div class=\"brz-section__content brz-section--boxed brz-css-gmg8z brz-css-1ay7pvv\" data-brz-custom-id=\"w5um9UyJahRq\">\n<div class=\"brz-container brz-css-1i3vrk7\">\n<div id=\"\" class=\"brz-css-pgezbe brz-css-5vuri2 brz-css-1d9jo71 brz-wrapper\">\n<div class=\"brz-posts brz-css-1q1j6ag brz-css-lrsie\" data-brz-custom-id=\"uLpmhTD5igUN\">\n<div class=\"brz-posts__wrapper\">\n<div class=\"brz-posts__item\">\n<div class=\"brz-columns brz-css-ptt08i brz-css-flr57h\" data-brz-custom-id=\"jJKSIHszqz5j\">\n<div class=\"brz-bg\"><\/div>\n<div class=\"brz-column__items brz-css-11at8p3\">\n<div id=\"\" class=\"brz-css-pgezbe brz-wrapper\">\n<div class=\"brz-image brz-css-1dtt2sp\" data-brz-custom-id=\"eG1FnJ9UbK0T\"><picture class=\"brz-picture brz-d-block brz-p-relative brz-css-3ktotl\"><source srcset=\"https:\/\/lambertuccits.com\/wp-content\/uploads\/brizy\/imgs\/image-286x191x15x0x255x191x1744200194.png 1x, https:\/\/lambertuccits.com\/?inoveclick_media=523&#038;inoveclick_crop=iW%3D573%26iH%3D382%26oX%3D31%26oY%3D0%26cW%3D510%26cH%3D382 2x\" media=\"(min-width: 992px)\"><source srcset=\"https:\/\/lambertuccits.com\/?inoveclick_media=523&#038;inoveclick_crop=iW%3D399%26iH%3D266%26oX%3D22%26oY%3D0%26cW%3D354%26cH%3D266 1x, https:\/\/lambertuccits.com\/?inoveclick_media=523&#038;inoveclick_crop=iW%3D798%26iH%3D532%26oX%3D45%26oY%3D0%26cW%3D708%26cH%3D532 2x\" media=\"(min-width: 768px)\"><img decoding=\"async\" class=\"brz-img\" srcset=\"https:\/\/lambertuccits.com\/?inoveclick_media=523&#038;inoveclick_crop=iW%3D427%26iH%3D285%26oX%3D23%26oY%3D0%26cW%3D380%26cH%3D285 1x, https:\/\/lambertuccits.com\/?inoveclick_media=523&#038;inoveclick_crop=iW%3D855%26iH%3D570%26oX%3D47%26oY%3D0%26cW%3D760%26cH%3D570 2x\" src=\"https:\/\/lambertuccits.com\/wp-content\/uploads\/brizy\/imgs\/image-286x191x15x0x255x191x1744200194.png\" alt=\"\" draggable=\"false\" loading=\"lazy\"><\/picture><\/div>\n<\/div>\n<div id=\"\" class=\"brz-css-pgezbe brz-wrapper\">\n<div class=\"brz-wp-title brz-css-tknlr2 brz-css-zxny60\" data-brz-custom-id=\"snrZZyqxk9Tr\"><span class=\"brz-wp-title-content\" style=\"min-height:20px\">Cientistas del PCT Guam\u00e1 investigan la variedad de miel en circulaci\u00f3n en la Amazonia<\/span><\/div>\n<\/div>\n<div class=\"brz-wrapper-clone brz-css-10r036\">\n<div class=\"brz-d-xs-flex brz-flex-xs-wrap brz-css-1e7v83s\" data-brz-custom-id=\"\">\n<div class=\"brz-wrapper-clone__item\" id=\"kg0uCkko2Kuq\"><a class=\"brz-a brz-btn brz-css-187hwb4 brz-css-1h89vrg brz-css-1p3tru1\" href=\"https:\/\/lambertuccits.com\/cientistas-do-pct-guama-investigam-a-variedade-do-mel-em-circulacao-na-amazonia\/\" target=\"_self\" rel=\"noopener\" data-brz-link-type=\"external\" data-brz-custom-id=\"kg0uCkko2Kuq\"><svg class=\"brz-icon-svg align-[initial] brz-css-171gxh9\"><use href=\"\/wp-content\/plugins\/brizy\/public\/editor-build\/prod\/editor\/icons\/glyph\/tail-right.svg#nc_icon\"><\/use><\/svg><span data-brz-translate-text=\"1\" class=\"brz-span brz-text__editor\">Read more<\/span><\/a><\/div>\n<\/div>\n<\/div>\n<\/div>\n<\/div>\n<\/div>\n<div class=\"brz-posts__item\">\n<div class=\"brz-columns brz-css-ptt08i brz-css-flr57h\" data-brz-custom-id=\"jJKSIHszqz5j\">\n<div class=\"brz-bg\"><\/div>\n<div class=\"brz-column__items brz-css-11at8p3\">\n<div id=\"\" class=\"brz-css-pgezbe brz-wrapper\">\n<div class=\"brz-image brz-css-1dtt2sp\" data-brz-custom-id=\"eG1FnJ9UbK0T\"><picture class=\"brz-picture brz-d-block brz-p-relative brz-css-3ktotl\"><source srcset=\"https:\/\/lambertuccits.com\/wp-content\/uploads\/brizy\/imgs\/image-1-267x191x5x0x255x191x1744200791.png 1x, https:\/\/lambertuccits.com\/?inoveclick_media=538&#038;inoveclick_crop=iW%3D535%26iH%3D382%26oX%3D12%26oY%3D0%26cW%3D510%26cH%3D382 2x\" media=\"(min-width: 992px)\"><source srcset=\"https:\/\/lambertuccits.com\/?inoveclick_media=538&#038;inoveclick_crop=iW%3D372%26iH%3D266%26oX%3D9%26oY%3D0%26cW%3D354%26cH%3D266 1x, https:\/\/lambertuccits.com\/?inoveclick_media=538&#038;inoveclick_crop=iW%3D745%26iH%3D532%26oX%3D18%26oY%3D0%26cW%3D708%26cH%3D532 2x\" media=\"(min-width: 768px)\"><img decoding=\"async\" class=\"brz-img\" srcset=\"https:\/\/lambertuccits.com\/?inoveclick_media=538&#038;inoveclick_crop=iW%3D399%26iH%3D285%26oX%3D9%26oY%3D0%26cW%3D380%26cH%3D285 1x, https:\/\/lambertuccits.com\/?inoveclick_media=538&#038;inoveclick_crop=iW%3D799%26iH%3D570%26oX%3D19%26oY%3D0%26cW%3D760%26cH%3D570 2x\" src=\"https:\/\/lambertuccits.com\/wp-content\/uploads\/brizy\/imgs\/image-1-267x191x5x0x255x191x1744200791.png\" alt=\"\" draggable=\"false\" loading=\"lazy\"><\/picture><\/div>\n<\/div>\n<div id=\"\" class=\"brz-css-pgezbe brz-wrapper\">\n<div class=\"brz-wp-title brz-css-tknlr2 brz-css-zxny60\" data-brz-custom-id=\"snrZZyqxk9Tr\"><span class=\"brz-wp-title-content\" style=\"min-height:20px\">Acai honey stands out for its high concentration of antioxidants<\/span><\/div>\n<\/div>\n<div class=\"brz-wrapper-clone brz-css-10r036\">\n<div class=\"brz-d-xs-flex brz-flex-xs-wrap brz-css-1e7v83s\" data-brz-custom-id=\"\">\n<div class=\"brz-wrapper-clone__item\" id=\"kg0uCkko2Kuq\"><a class=\"brz-a brz-btn brz-css-187hwb4 brz-css-1h89vrg brz-css-1p3tru1\" href=\"https:\/\/lambertuccits.com\/mel-de-acai-se-destaca-por-alta-concentracao-de-antioxidantes\/\" target=\"_self\" rel=\"noopener\" data-brz-link-type=\"external\" data-brz-custom-id=\"kg0uCkko2Kuq\"><svg class=\"brz-icon-svg align-[initial] brz-css-171gxh9\"><use href=\"\/wp-content\/plugins\/brizy\/public\/editor-build\/prod\/editor\/icons\/glyph\/tail-right.svg#nc_icon\"><\/use><\/svg><span data-brz-translate-text=\"1\" class=\"brz-span brz-text__editor\">Read more<\/span><\/a><\/div>\n<\/div>\n<\/div>\n<\/div>\n<\/div>\n<\/div>\n<\/div>\n<div class=\"brz-posts__pagination\"><\/div>\n<\/div>\n<\/div>\n<\/div>\n<\/div>\n<\/section>\n<\/div>\n<p>    <!-- version:1744394958 --><\/p>","protected":false},"excerpt":{"rendered":"<p>Artigos Cientistas do PCT Guam\u00e1 investigam a variedade do mel em circula\u00e7\u00e3o na Amaz\u00f4nia Leia Mais Mel de a\u00e7a\u00ed se destaca por alta concentra\u00e7\u00e3o de antioxidantes Leia Mais<\/p>","protected":false},"author":1,"featured_media":0,"parent":0,"menu_order":0,"comment_status":"closed","ping_status":"closed","template":"brizy-blank-template.php","meta":{"footnotes":""},"class_list":["post-635","page","type-page","status-publish","hentry"],"yoast_head":"<!-- This site is optimized with the Yoast SEO plugin v25.9 - https:\/\/yoast.com\/wordpress\/plugins\/seo\/ -->\n<title>Artigos - Lambertucci<\/title>\n<meta name=\"robots\" content=\"index, follow, max-snippet:-1, max-image-preview:large, max-video-preview:-1\" \/>\n<link rel=\"canonical\" href=\"https:\/\/lambertuccits.com\/en\/artigos\/\" \/>\n<meta property=\"og:locale\" content=\"en_US\" \/>\n<meta property=\"og:type\" content=\"article\" \/>\n<meta property=\"og:title\" content=\"Artigos - Lambertucci\" \/>\n<meta property=\"og:description\" content=\"Artigos Cientistas do PCT Guam\u00e1 investigam a variedade do mel em circula\u00e7\u00e3o na Amaz\u00f4nia Leia Mais Mel de a\u00e7a\u00ed se destaca por alta concentra\u00e7\u00e3o de antioxidantes Leia Mais\" \/>\n<meta property=\"og:url\" content=\"https:\/\/lambertuccits.com\/en\/artigos\/\" \/>\n<meta property=\"og:site_name\" content=\"Lambertucci\" \/>\n<meta property=\"article:modified_time\" content=\"2025-04-11T18:09:18+00:00\" \/>\n<meta property=\"og:image\" content=\"https:\/\/lambertuccits.com\/wp-content\/uploads\/brizy\/imgs\/image-286x191x15x0x255x191x1744200194.png\" \/>\n<meta name=\"twitter:card\" content=\"summary_large_image\" \/>\n<script type=\"application\/ld+json\" class=\"yoast-schema-graph\">{\"@context\":\"https:\/\/schema.org\",\"@graph\":[{\"@type\":\"WebPage\",\"@id\":\"https:\/\/lambertuccits.com\/artigos\/\",\"url\":\"https:\/\/lambertuccits.com\/artigos\/\",\"name\":\"Artigos - Lambertucci\",\"isPartOf\":{\"@id\":\"https:\/\/lambertuccits.com\/#website\"},\"primaryImageOfPage\":{\"@id\":\"https:\/\/lambertuccits.com\/artigos\/#primaryimage\"},\"image\":{\"@id\":\"https:\/\/lambertuccits.com\/artigos\/#primaryimage\"},\"thumbnailUrl\":\"https:\/\/lambertuccits.com\/wp-content\/uploads\/brizy\/imgs\/image-286x191x15x0x255x191x1744200194.png\",\"datePublished\":\"2025-04-11T18:03:37+00:00\",\"dateModified\":\"2025-04-11T18:09:18+00:00\",\"breadcrumb\":{\"@id\":\"https:\/\/lambertuccits.com\/artigos\/#breadcrumb\"},\"inLanguage\":\"en-US\",\"potentialAction\":[{\"@type\":\"ReadAction\",\"target\":[\"https:\/\/lambertuccits.com\/artigos\/\"]}]},{\"@type\":\"ImageObject\",\"inLanguage\":\"en-US\",\"@id\":\"https:\/\/lambertuccits.com\/artigos\/#primaryimage\",\"url\":\"https:\/\/lambertuccits.com\/wp-content\/uploads\/brizy\/imgs\/image-286x191x15x0x255x191x1744200194.png\",\"contentUrl\":\"https:\/\/lambertuccits.com\/wp-content\/uploads\/brizy\/imgs\/image-286x191x15x0x255x191x1744200194.png\"},{\"@type\":\"BreadcrumbList\",\"@id\":\"https:\/\/lambertuccits.com\/artigos\/#breadcrumb\",\"itemListElement\":[{\"@type\":\"ListItem\",\"position\":1,\"name\":\"In\u00edcio\",\"item\":\"https:\/\/lambertuccits.com\/\"},{\"@type\":\"ListItem\",\"position\":2,\"name\":\"Artigos\"}]},{\"@type\":\"WebSite\",\"@id\":\"https:\/\/lambertuccits.com\/#website\",\"url\":\"https:\/\/lambertuccits.com\/\",\"name\":\"Lambertucci\",\"description\":\"Trade Solutions! LTS\",\"potentialAction\":[{\"@type\":\"SearchAction\",\"target\":{\"@type\":\"EntryPoint\",\"urlTemplate\":\"https:\/\/lambertuccits.com\/?s={search_term_string}\"},\"query-input\":{\"@type\":\"PropertyValueSpecification\",\"valueRequired\":true,\"valueName\":\"search_term_string\"}}],\"inLanguage\":\"en-US\"}]}<\/script>\n<!-- \/ Yoast SEO plugin. -->","yoast_head_json":{"title":"Artigos - Lambertucci","robots":{"index":"index","follow":"follow","max-snippet":"max-snippet:-1","max-image-preview":"max-image-preview:large","max-video-preview":"max-video-preview:-1"},"canonical":"https:\/\/lambertuccits.com\/en\/artigos\/","og_locale":"en_US","og_type":"article","og_title":"Artigos - Lambertucci","og_description":"Artigos Cientistas do PCT Guam\u00e1 investigam a variedade do mel em circula\u00e7\u00e3o na Amaz\u00f4nia Leia Mais Mel de a\u00e7a\u00ed se destaca por alta concentra\u00e7\u00e3o de antioxidantes Leia Mais","og_url":"https:\/\/lambertuccits.com\/en\/artigos\/","og_site_name":"Lambertucci","article_modified_time":"2025-04-11T18:09:18+00:00","og_image":[{"url":"https:\/\/lambertuccits.com\/wp-content\/uploads\/brizy\/imgs\/image-286x191x15x0x255x191x1744200194.png","type":"","width":"","height":""}],"twitter_card":"summary_large_image","schema":{"@context":"https:\/\/schema.org","@graph":[{"@type":"WebPage","@id":"https:\/\/lambertuccits.com\/artigos\/","url":"https:\/\/lambertuccits.com\/artigos\/","name":"Artigos - Lambertucci","isPartOf":{"@id":"https:\/\/lambertuccits.com\/#website"},"primaryImageOfPage":{"@id":"https:\/\/lambertuccits.com\/artigos\/#primaryimage"},"image":{"@id":"https:\/\/lambertuccits.com\/artigos\/#primaryimage"},"thumbnailUrl":"https:\/\/lambertuccits.com\/wp-content\/uploads\/brizy\/imgs\/image-286x191x15x0x255x191x1744200194.png","datePublished":"2025-04-11T18:03:37+00:00","dateModified":"2025-04-11T18:09:18+00:00","breadcrumb":{"@id":"https:\/\/lambertuccits.com\/artigos\/#breadcrumb"},"inLanguage":"en-US","potentialAction":[{"@type":"ReadAction","target":["https:\/\/lambertuccits.com\/artigos\/"]}]},{"@type":"ImageObject","inLanguage":"en-US","@id":"https:\/\/lambertuccits.com\/artigos\/#primaryimage","url":"https:\/\/lambertuccits.com\/wp-content\/uploads\/brizy\/imgs\/image-286x191x15x0x255x191x1744200194.png","contentUrl":"https:\/\/lambertuccits.com\/wp-content\/uploads\/brizy\/imgs\/image-286x191x15x0x255x191x1744200194.png"},{"@type":"BreadcrumbList","@id":"https:\/\/lambertuccits.com\/artigos\/#breadcrumb","itemListElement":[{"@type":"ListItem","position":1,"name":"In\u00edcio","item":"https:\/\/lambertuccits.com\/"},{"@type":"ListItem","position":2,"name":"Artigos"}]},{"@type":"WebSite","@id":"https:\/\/lambertuccits.com\/#website","url":"https:\/\/lambertuccits.com\/","name":"Lambertucci","description":"Trade Solutions! LTS","potentialAction":[{"@type":"SearchAction","target":{"@type":"EntryPoint","urlTemplate":"https:\/\/lambertuccits.com\/?s={search_term_string}"},"query-input":{"@type":"PropertyValueSpecification","valueRequired":true,"valueName":"search_term_string"}}],"inLanguage":"en-US"}]}},"_links":{"self":[{"href":"https:\/\/lambertuccits.com\/en\/wp-json\/wp\/v2\/pages\/635","targetHints":{"allow":["GET"]}}],"collection":[{"href":"https:\/\/lambertuccits.com\/en\/wp-json\/wp\/v2\/pages"}],"about":[{"href":"https:\/\/lambertuccits.com\/en\/wp-json\/wp\/v2\/types\/page"}],"author":[{"embeddable":true,"href":"https:\/\/lambertuccits.com\/en\/wp-json\/wp\/v2\/users\/1"}],"replies":[{"embeddable":true,"href":"https:\/\/lambertuccits.com\/en\/wp-json\/wp\/v2\/comments?post=635"}],"version-history":[{"count":6,"href":"https:\/\/lambertuccits.com\/en\/wp-json\/wp\/v2\/pages\/635\/revisions"}],"predecessor-version":[{"id":648,"href":"https:\/\/lambertuccits.com\/en\/wp-json\/wp\/v2\/pages\/635\/revisions\/648"}],"wp:attachment":[{"href":"https:\/\/lambertuccits.com\/en\/wp-json\/wp\/v2\/media?parent=635"}],"curies":[{"name":"wp","href":"https:\/\/api.w.org\/{rel}","templated":true}]}}